{"id":268,"date":"2023-12-28T12:31:53","date_gmt":"2023-12-28T12:31:53","guid":{"rendered":"https:\/\/alyoussershop.com\/?page_id=268"},"modified":"2024-01-17T14:31:12","modified_gmt":"2024-01-17T14:31:12","slug":"%d9%85%d9%86-%d9%86%d8%ad%d9%86%d8%9f","status":"publish","type":"page","link":"https:\/\/alyoussershop.com\/fr\/%d9%85%d9%86-%d9%86%d8%ad%d9%86%d8%9f\/","title":{"rendered":"A propos"},"content":{"rendered":"<section class=\"section\" id=\"section_615423247\">\n\t\t<div class=\"section-bg fill\" >\n\t\t\t\t\t\t\t\t\t<button class=\"scroll-for-more z-5 icon absolute bottom h-center\" aria-label=\"Fais d\u00e9filer pour en savoir plus\"><i class=\"icon-angle-down\" style=\"font-size:42px;\" ><\/i><\/button>\n\t\t\t\n\n\t\t<\/div>\n\n\t\t\n\n\t\t<div class=\"section-content relative\">\n\t\t\t\n\n<div class=\"row align-center\"  id=\"row-161614441\">\n\n\n\t<div id=\"col-1411840977\" class=\"col medium-8 small-10 large-7\"  >\n\t\t\t\t<div class=\"col-inner text-center\"  >\n\t\t\t\n\t\t\t\n\n<h1 class=\"uppercase\">A propos<\/h1>\n<p class=\"lead\">Bienvenue dans les magasins Al Yusr, votre premi\u00e8re destination pour les meilleurs v\u00eatements turcs qui r\u00e9pondent \u00e0 tous vos go\u00fbts. Nous sommes fiers d'offrir \u00e0 nos clients un large choix de v\u00eatements de haute qualit\u00e9 \u00e0 des prix raisonnables, o\u00f9 chaque pi\u00e8ce est confectionn\u00e9e avec le plus grand soin pour vous garantir \u00e0 la fois confort et \u00e9l\u00e9gance.<\/p>\n\n\t\t<\/div>\n\t\t\t\t\n<style>\n#col-1411840977 > .col-inner {\n  padding: 40px 0px 0px 0px;\n}\n<\/style>\n\t<\/div>\n\n\t\n\n<\/div>\n\n\t\t<\/div>\n\n\t\t\n<style>\n#section_615423247 {\n  padding-top: 30px;\n  padding-bottom: 30px;\n}\n<\/style>\n\t<\/section>\n\t\n\n\t<section class=\"section\" id=\"section_428793852\">\n\t\t<div class=\"section-bg fill\" >\n\t\t\t\t\t\t\t\t\t\n\t\t\t\n\n\t\t<\/div>\n\n\t\t\n\n\t\t<div class=\"section-content relative\">\n\t\t\t\n\n<div class=\"row align-middle\"  id=\"row-595377852\">\n\n\n\t<div id=\"col-810036743\" class=\"col medium-4 small-12 large-4\"  >\n\t\t\t\t<div class=\"col-inner\"  >\n\t\t\t\n\t\t\t\n\n\n  <div class=\"banner has-hover\" id=\"banner-1064659484\">\n          <div class=\"banner-inner fill\">\n        <div class=\"banner-bg fill\" >\n            <img loading=\"lazy\" decoding=\"async\" width=\"768\" height=\"1024\" src=\"https:\/\/alyoussershop.com\/wp-content\/uploads\/2023\/12\/IMG-20231214-WA0096-768x1024.jpg\" class=\"bg attachment-large size-large\" alt=\"\" \/>                                    \n                    <\/div>\n\t\t\n        <div class=\"banner-layers container\">\n            <div class=\"fill banner-link\"><\/div>            \n\n   <div id=\"text-box-1949133122\" class=\"text-box banner-layer x50 md-x50 lg-x50 y50 md-y50 lg-y50 res-text\">\n                                <div class=\"text-box-content text dark\">\n              \n              <div class=\"text-inner text-center\">\n                  \n\n\n              <\/div>\n           <\/div>\n                            \n<style>\n#text-box-1949133122 {\n  width: 60%;\n}\n#text-box-1949133122 .text-box-content {\n  font-size: 100%;\n}\n@media (min-width:550px) {\n  #text-box-1949133122 {\n    width: 60%;\n  }\n}\n<\/style>\n    <\/div>\n \n\n        <\/div>\n      <\/div>\n\n            \n<style>\n#banner-1064659484 {\n  padding-top: 250px;\n  background-color: rgb(247, 245, 244);\n}\n#banner-1064659484 .banner-bg img {\n  object-position: 60% 4%;\n}\n@media (min-width:550px) {\n  #banner-1064659484 {\n    padding-top: 99.99%;\n  }\n}\n<\/style>\n  <\/div>\n\n\n\n\t\t<\/div>\n\t\t\t\t\t<\/div>\n\n\t\n\n\t<div id=\"col-1375440330\" class=\"col medium-4 small-12 large-4\"  >\n\t\t\t\t<div class=\"col-inner\"  >\n\t\t\t\n\t\t\t\n\n\n  <div class=\"banner has-hover has-parallax\" id=\"banner-2119756124\">\n          <div class=\"banner-inner fill\">\n        <div class=\"banner-bg fill\" data-parallax=\"-6\" data-parallax-container=\".banner\" data-parallax-background>\n            <img loading=\"lazy\" decoding=\"async\" width=\"768\" height=\"1024\" src=\"https:\/\/alyoussershop.com\/wp-content\/uploads\/2023\/12\/IMG-20231214-WA0101-768x1024.jpg\" class=\"bg attachment-large size-large\" alt=\"\" \/>                                    \n                    <\/div>\n\t\t\n        <div class=\"banner-layers container\">\n            <div class=\"fill banner-link\"><\/div>            \n\n   <div id=\"text-box-1716353281\" class=\"text-box banner-layer x50 md-x50 lg-x50 y50 md-y50 lg-y50 res-text\">\n                                <div class=\"text-box-content text dark\">\n              \n              <div class=\"text-inner text-center\">\n                  \n\n\n              <\/div>\n           <\/div>\n                            \n<style>\n#text-box-1716353281 {\n  width: 60%;\n}\n#text-box-1716353281 .text-box-content {\n  font-size: 100%;\n}\n@media (min-width:550px) {\n  #text-box-1716353281 {\n    width: 60%;\n  }\n}\n<\/style>\n    <\/div>\n \n\n        <\/div>\n      <\/div>\n\n            \n<style>\n#banner-2119756124 {\n  padding-top: 400px;\n  background-color: rgb(247, 245, 244);\n}\n#banner-2119756124 .banner-bg img {\n  object-position: 0% 0%;\n}\n@media (min-width:850px) {\n  #banner-2119756124 {\n    padding-top: 500px;\n  }\n}\n<\/style>\n  <\/div>\n\n\n\n\t\t<\/div>\n\t\t\t\t\t<\/div>\n\n\t\n\n\t<div id=\"col-1522898029\" class=\"col medium-4 small-12 large-4\"  >\n\t\t\t\t<div class=\"col-inner\"  >\n\t\t\t\n\t\t\t\n\n\n  <div class=\"banner has-hover\" id=\"banner-1878050021\">\n          <div class=\"banner-inner fill\">\n        <div class=\"banner-bg fill\" >\n            <img loading=\"lazy\" decoding=\"async\" width=\"768\" height=\"1024\" src=\"https:\/\/alyoussershop.com\/wp-content\/uploads\/2023\/12\/IMG-20231214-WA0106-768x1024.jpg\" class=\"bg attachment-large size-large\" alt=\"\" \/>                                    \n                    <\/div>\n\t\t\n        <div class=\"banner-layers container\">\n            <div class=\"fill banner-link\"><\/div>            \n\n   <div id=\"text-box-1641486326\" class=\"text-box banner-layer x50 md-x50 lg-x50 y50 md-y50 lg-y50 res-text\">\n                                <div class=\"text-box-content text dark\">\n              \n              <div class=\"text-inner text-center\">\n                  \n\n\n              <\/div>\n           <\/div>\n                            \n<style>\n#text-box-1641486326 {\n  width: 60%;\n}\n#text-box-1641486326 .text-box-content {\n  font-size: 100%;\n}\n@media (min-width:550px) {\n  #text-box-1641486326 {\n    width: 60%;\n  }\n}\n<\/style>\n    <\/div>\n \n\n        <\/div>\n      <\/div>\n\n            \n<style>\n#banner-1878050021 {\n  padding-top: 250px;\n  background-color: rgb(247, 245, 244);\n}\n#banner-1878050021 .banner-bg img {\n  object-position: 50% 7%;\n}\n@media (min-width:550px) {\n  #banner-1878050021 {\n    padding-top: 99.99%;\n  }\n}\n<\/style>\n  <\/div>\n\n\n\n\t\t<\/div>\n\t\t\t\t\t<\/div>\n\n\t\n\n<\/div>\n\n\t\t<\/div>\n\n\t\t\n<style>\n#section_428793852 {\n  padding-top: 30px;\n  padding-bottom: 30px;\n}\n<\/style>\n\t<\/section>\n\t\n\n\t<section class=\"section\" id=\"section_620247200\">\n\t\t<div class=\"section-bg fill\" >\n\t\t\t\t\t\t\t\t\t\n\t\t\t\n\n\t\t<\/div>\n\n\t\t\n\n\t\t<div class=\"section-content relative\">\n\t\t\t\n\n<div class=\"row align-center\"  id=\"row-1525361795\">\n\n\n\t<div id=\"col-1594277470\" class=\"col medium-7 small-12 large-7\"  >\n\t\t\t\t<div class=\"col-inner\"  >\n\t\t\t\n\t\t\t\n\n<h3> Notre vision <\/h3>\n<p>Dans les magasins Al Yusr, nous nous effor\u00e7ons d'\u00eatre le premier choix des amateurs de mode \u00e0 la recherche d'une \u00e9l\u00e9gance turque m\u00eal\u00e9e de bon go\u00fbt et de haute qualit\u00e9. Nous voulons faire de chaque instant o\u00f9 vous magasinez chez nous une exp\u00e9rience unique et agr\u00e9able.<\/p>\n\n\t\t<\/div>\n\t\t\t\t\n<style>\n#col-1594277470 > .col-inner {\n  margin: 0px 0px -60px 0px;\n}\n<\/style>\n\t<\/div>\n\n\t\n\n<\/div>\n\n\t\t<\/div>\n\n\t\t\n<style>\n#section_620247200 {\n  padding-top: 60px;\n  padding-bottom: 60px;\n}\n<\/style>\n\t<\/section>\n\t\n\n\t<section class=\"section\" id=\"section_11052462\">\n\t\t<div class=\"section-bg fill\" >\n\t\t\t\t\t\t\t\t\t\n\t\t\t\n\n\t\t<\/div>\n\n\t\t\n\n\t\t<div class=\"section-content relative\">\n\t\t\t\n\n\t<div id=\"gap-792292465\" class=\"gap-element clearfix\" style=\"display:block; height:auto;\">\n\t\t\n<style>\n#gap-792292465 {\n  padding-top: 60px;\n}\n<\/style>\n\t<\/div>\n\t\n\n<div class=\"row row-large align-middle\"  id=\"row-882193341\">\n\n\n\t<div id=\"col-649987589\" class=\"col medium-5 small-12 large-5\"  >\n\t\t\t\t<div class=\"col-inner\"  >\n\t\t\t\n\t\t\t\n\n\n  <div class=\"banner has-hover\" id=\"banner-1643274920\">\n          <div class=\"banner-inner fill\">\n        <div class=\"banner-bg fill\" >\n            <img loading=\"lazy\" decoding=\"async\" width=\"768\" height=\"1024\" src=\"https:\/\/alyoussershop.com\/wp-content\/uploads\/2023\/12\/IMG-20231214-WA0094-768x1024.jpg\" class=\"bg attachment-large size-large\" alt=\"\" \/>                                    \n                    <\/div>\n\t\t\n        <div class=\"banner-layers container\">\n            <div class=\"fill banner-link\"><\/div>            \n\n   <div id=\"text-box-318887360\" class=\"text-box banner-layer x50 md-x50 lg-x50 y50 md-y50 lg-y50 res-text\">\n                                <div class=\"text-box-content text dark\">\n              \n              <div class=\"text-inner text-center\">\n                  \n\n\n              <\/div>\n           <\/div>\n                            \n<style>\n#text-box-318887360 {\n  width: 60%;\n}\n#text-box-318887360 .text-box-content {\n  font-size: 100%;\n}\n@media (min-width:550px) {\n  #text-box-318887360 {\n    width: 60%;\n  }\n}\n<\/style>\n    <\/div>\n \n\n        <\/div>\n      <\/div>\n\n            \n<style>\n#banner-1643274920 {\n  padding-top: 749px;\n  background-color: rgb(247, 245, 244);\n}\n#banner-1643274920 .banner-bg img {\n  object-position: 56% 11%;\n}\n<\/style>\n  <\/div>\n\n\n\n\t\t<\/div>\n\t\t\t\t\t<\/div>\n\n\t\n\n\t<div id=\"col-299614641\" class=\"col medium-7 small-12 large-7\"  >\n\t\t\t\t<div class=\"col-inner\"  >\n\t\t\t\n\t\t\t\n\n<div class=\"row align-right\"  id=\"row-1372092131\">\n\n\n\t<div id=\"col-809849234\" class=\"col small-12 large-12\"  >\n\t\t\t\t<div class=\"col-inner\"  >\n\t\t\t\n\t\t\t\n\n<h3> Notre mission <\/h3>\n<p>Chez Al Yusr, nous nous engageons \u00e0 fournir une vari\u00e9t\u00e9 de v\u00eatements turcs qui conviennent \u00e0 tous les go\u00fbts et \u00e0 toutes les occasions. Du chic et moderne au classique et traditionnel, nous avons tout ce dont votre garde-robe a besoin. Nous vous garantissons une excellente qualit\u00e9 \u00e0 des prix comp\u00e9titifs que vous ne trouverez que chez nous.<\/p>\n<h3>Nos Valeurs<\/h3>\n<ul>\n<li>Qualit\u00e9\u00a0: Nous consid\u00e9rons la qualit\u00e9 comme le fondement de tout ce que nous faisons, du choix des tissus \u00e0 la confection m\u00e9ticuleuse.<\/li>\n<li>Le client d'abord\u00a0: votre satisfaction est notre priorit\u00e9 et nous nous effor\u00e7ons toujours de fournir le meilleur service possible.<\/li>\n<li>Renouvellement : Nous suivons constamment les derni\u00e8res tendances de la mode pour vous offrir tout ce qui est nouveau et distinctif.<\/li>\n<\/ul>\n<h3>Pourquoi Al-Yusr ?<\/p>\n<\/h3>\n<p>Dans les magasins Al Yusr, nous vous proposons une exp\u00e9rience d'achat int\u00e9gr\u00e9e qui allie confort, \u00e9l\u00e9gance et qualit\u00e9. Nos collections comprennent les derni\u00e8res tendances et styles qui conviennent \u00e0 tous les \u00e2ges et \u00e0 toutes les occasions, que vous recherchiez des v\u00eatements pour le travail, des occasions sp\u00e9ciales ou m\u00eame pour un usage quotidien. Nous sommes fiers de vous proposer une vari\u00e9t\u00e9 de pi\u00e8ces qui r\u00e9pondent \u00e0 vos envies et expriment votre go\u00fbt \u00e9lev\u00e9.<\/p>\n<p>Nous vous invitons \u00e0 visiter nos magasins ou \u00e0 parcourir notre site Web pour d\u00e9couvrir tout ce qui est nouveau et sp\u00e9cial. Avec les magasins Al Yusr, vous \u00eates s\u00fbr de trouver l'\u00e9l\u00e9gance que vous m\u00e9ritez et la qualit\u00e9 \u00e0 laquelle vous aspirez !<\/p>\n\n\t\t<\/div>\n\t\t\t\t\t<\/div>\n\n\t\n\n<\/div>\n\n\t\t<\/div>\n\t\t\t\t\t<\/div>\n\n\t\n\n\n<style>\n#row-882193341 > .col > .col-inner {\n  padding: 0px 10px 0px 10px;\n}\n@media (min-width:850px) {\n  #row-882193341 > .col > .col-inner {\n    padding: 0px 40px 0px 40px;\n  }\n}\n<\/style>\n<\/div>\n\n\t\t<\/div>\n\n\t\t\n<style>\n#section_11052462 {\n  padding-top: 80px;\n  padding-bottom: 80px;\n}\n<\/style>\n\t<\/section>","protected":false},"excerpt":{"rendered":"","protected":false},"author":1,"featured_media":0,"parent":0,"menu_order":0,"comment_status":"closed","ping_status":"closed","template":"","meta":{"footnotes":""},"class_list":["post-268","page","type-page","status-publish","hentry"],"yoast_head":"<!-- This site is optimized with the Yoast SEO plugin v24.1 - https:\/\/yoast.com\/wordpress\/plugins\/seo\/ -->\n<title>\u0645\u0646 \u0646\u062d\u0646\u061f - Alyousser Ahop<\/title>\n<meta name=\"robots\" content=\"index, follow, max-snippet:-1, max-image-preview:large, max-video-preview:-1\" \/>\n<link rel=\"canonical\" href=\"https:\/\/alyoussershop.com\/fr\/\u0645\u0646-\u0646\u062d\u0646\u061f\/\" \/>\n<meta property=\"og:locale\" content=\"fr_FR\" \/>\n<meta property=\"og:type\" content=\"article\" \/>\n<meta property=\"og:title\" content=\"\u0645\u0646 \u0646\u062d\u0646\u061f - Alyousser Ahop\" \/>\n<meta property=\"og:url\" content=\"https:\/\/alyoussershop.com\/fr\/\u0645\u0646-\u0646\u062d\u0646\u061f\/\" \/>\n<meta property=\"og:site_name\" content=\"Alyousser Ahop\" \/>\n<meta property=\"article:modified_time\" content=\"2024-01-17T14:31:12+00:00\" \/>\n<meta name=\"twitter:card\" content=\"summary_large_image\" \/>\n<meta name=\"twitter:label1\" content=\"Dur\u00e9e de lecture estim\u00e9e\" \/>\n\t<meta name=\"twitter:data1\" content=\"3 minutes\" \/>\n<script type=\"application\/ld+json\" class=\"yoast-schema-graph\">{\"@context\":\"https:\/\/schema.org\",\"@graph\":[{\"@type\":\"WebPage\",\"@id\":\"https:\/\/alyoussershop.com\/%d9%85%d9%86-%d9%86%d8%ad%d9%86%d8%9f\/\",\"url\":\"https:\/\/alyoussershop.com\/%d9%85%d9%86-%d9%86%d8%ad%d9%86%d8%9f\/\",\"name\":\"\u0645\u0646 \u0646\u062d\u0646\u061f - Alyousser Ahop\",\"isPartOf\":{\"@id\":\"https:\/\/alyoussershop.com\/#website\"},\"datePublished\":\"2023-12-28T12:31:53+00:00\",\"dateModified\":\"2024-01-17T14:31:12+00:00\",\"breadcrumb\":{\"@id\":\"https:\/\/alyoussershop.com\/%d9%85%d9%86-%d9%86%d8%ad%d9%86%d8%9f\/#breadcrumb\"},\"inLanguage\":\"fr-FR\",\"potentialAction\":[{\"@type\":\"ReadAction\",\"target\":[\"https:\/\/alyoussershop.com\/%d9%85%d9%86-%d9%86%d8%ad%d9%86%d8%9f\/\"]}]},{\"@type\":\"BreadcrumbList\",\"@id\":\"https:\/\/alyoussershop.com\/%d9%85%d9%86-%d9%86%d8%ad%d9%86%d8%9f\/#breadcrumb\",\"itemListElement\":[{\"@type\":\"ListItem\",\"position\":1,\"name\":\"Home\",\"item\":\"https:\/\/alyoussershop.com\/\"},{\"@type\":\"ListItem\",\"position\":2,\"name\":\"\u0645\u0646 \u0646\u062d\u0646\u061f\"}]},{\"@type\":\"WebSite\",\"@id\":\"https:\/\/alyoussershop.com\/#website\",\"url\":\"https:\/\/alyoussershop.com\/\",\"name\":\"Alyousser Ahop\",\"description\":\"\",\"potentialAction\":[{\"@type\":\"SearchAction\",\"target\":{\"@type\":\"EntryPoint\",\"urlTemplate\":\"https:\/\/alyoussershop.com\/?s={search_term_string}\"},\"query-input\":{\"@type\":\"PropertyValueSpecification\",\"valueRequired\":true,\"valueName\":\"search_term_string\"}}],\"inLanguage\":\"fr-FR\"}]}<\/script>\n<!-- \/ Yoast SEO plugin. -->","yoast_head_json":{"title":"\u0645\u0646 \u0646\u062d\u0646\u061f - Alyousser Ahop","robots":{"index":"index","follow":"follow","max-snippet":"max-snippet:-1","max-image-preview":"max-image-preview:large","max-video-preview":"max-video-preview:-1"},"canonical":"https:\/\/alyoussershop.com\/fr\/\u0645\u0646-\u0646\u062d\u0646\u061f\/","og_locale":"fr_FR","og_type":"article","og_title":"\u0645\u0646 \u0646\u062d\u0646\u061f - Alyousser Ahop","og_url":"https:\/\/alyoussershop.com\/fr\/\u0645\u0646-\u0646\u062d\u0646\u061f\/","og_site_name":"Alyousser Ahop","article_modified_time":"2024-01-17T14:31:12+00:00","twitter_card":"summary_large_image","twitter_misc":{"Dur\u00e9e de lecture estim\u00e9e":"3 minutes"},"schema":{"@context":"https:\/\/schema.org","@graph":[{"@type":"WebPage","@id":"https:\/\/alyoussershop.com\/%d9%85%d9%86-%d9%86%d8%ad%d9%86%d8%9f\/","url":"https:\/\/alyoussershop.com\/%d9%85%d9%86-%d9%86%d8%ad%d9%86%d8%9f\/","name":"\u0645\u0646 \u0646\u062d\u0646\u061f - Alyousser Ahop","isPartOf":{"@id":"https:\/\/alyoussershop.com\/#website"},"datePublished":"2023-12-28T12:31:53+00:00","dateModified":"2024-01-17T14:31:12+00:00","breadcrumb":{"@id":"https:\/\/alyoussershop.com\/%d9%85%d9%86-%d9%86%d8%ad%d9%86%d8%9f\/#breadcrumb"},"inLanguage":"fr-FR","potentialAction":[{"@type":"ReadAction","target":["https:\/\/alyoussershop.com\/%d9%85%d9%86-%d9%86%d8%ad%d9%86%d8%9f\/"]}]},{"@type":"BreadcrumbList","@id":"https:\/\/alyoussershop.com\/%d9%85%d9%86-%d9%86%d8%ad%d9%86%d8%9f\/#breadcrumb","itemListElement":[{"@type":"ListItem","position":1,"name":"Home","item":"https:\/\/alyoussershop.com\/"},{"@type":"ListItem","position":2,"name":"\u0645\u0646 \u0646\u062d\u0646\u061f"}]},{"@type":"WebSite","@id":"https:\/\/alyoussershop.com\/#website","url":"https:\/\/alyoussershop.com\/","name":"Alyousser Ahop","description":"","potentialAction":[{"@type":"SearchAction","target":{"@type":"EntryPoint","urlTemplate":"https:\/\/alyoussershop.com\/?s={search_term_string}"},"query-input":{"@type":"PropertyValueSpecification","valueRequired":true,"valueName":"search_term_string"}}],"inLanguage":"fr-FR"}]}},"_links":{"self":[{"href":"https:\/\/alyoussershop.com\/fr\/wp-json\/wp\/v2\/pages\/268","targetHints":{"allow":["GET"]}}],"collection":[{"href":"https:\/\/alyoussershop.com\/fr\/wp-json\/wp\/v2\/pages"}],"about":[{"href":"https:\/\/alyoussershop.com\/fr\/wp-json\/wp\/v2\/types\/page"}],"author":[{"embeddable":true,"href":"https:\/\/alyoussershop.com\/fr\/wp-json\/wp\/v2\/users\/1"}],"replies":[{"embeddable":true,"href":"https:\/\/alyoussershop.com\/fr\/wp-json\/wp\/v2\/comments?post=268"}],"version-history":[{"count":4,"href":"https:\/\/alyoussershop.com\/fr\/wp-json\/wp\/v2\/pages\/268\/revisions"}],"predecessor-version":[{"id":423,"href":"https:\/\/alyoussershop.com\/fr\/wp-json\/wp\/v2\/pages\/268\/revisions\/423"}],"wp:attachment":[{"href":"https:\/\/alyoussershop.com\/fr\/wp-json\/wp\/v2\/media?parent=268"}],"curies":[{"name":"wp","href":"https:\/\/api.w.org\/{rel}","templated":true}]}}